{"id":483,"date":"2020-01-27T15:36:03","date_gmt":"2020-01-27T15:36:03","guid":{"rendered":"http:\/\/auto-brand.de\/?page_id=483"},"modified":"2020-02-04T07:52:50","modified_gmt":"2020-02-04T07:52:50","slug":"autowaschanlage","status":"publish","type":"page","link":"https:\/\/auto-brand.de\/?page_id=483","title":{"rendered":"Autowaschanlage"},"content":{"rendered":"\r\n<p>Textile Autowaschanlage mit Wertkarte t\u00e4glich 24 Stunden ge\u00f6ffnet<\/p>\r\n<table style=\"width: 59.21%; height: 187px; border-collapse: collapse;\">\r\n<tbody>\r\n<tr style=\"height: 94px;\">\r\n<td style=\"border-style: none; width: 14.12%; height: 94px; text-align: left; background-color: #e0dada;\"><strong>Programm 1<\/strong><br \/><strong>unsere Beste<br \/><br \/><br \/><\/strong><\/td>\r\n<td style=\"border-style: none; width: 31.59%; height: 94px; text-align: left; background-color: #e0dada;\">HD Rad- &amp; Seitenw\u00e4sche<br \/>Schaumw\u00e4sche<br \/>Hei\u00dfwachs<br \/>Trocknen<\/td>\r\n<td style=\"border-style: none; width: 7.39%; height: 94px; text-align: left; background-color: #e0dada;\"><strong>9,90 \u20ac<br \/><br \/><br \/><br \/><\/strong><\/td>\r\n<\/tr>\r\n<tr style=\"height: 24px;\">\r\n<td style=\"border-style: none; width: 14.12%; height: 24px; text-align: left;\"><strong>Programm 2<\/strong><br \/><strong>Schaumw\u00e4sche<br \/><br \/><\/strong><\/td>\r\n<td style=\"border-style: none; width: 31.59%; height: 24px; text-align: left;\">HD Rad- &amp; Seitenw\u00e4sche<br \/>Schaumw\u00e4sche<br \/>Trocknen<\/td>\r\n<td style=\"border-style: none; width: 7.39%; height: 24px; text-align: left;\"><strong>8,90 \u20ac<\/strong><br \/><br \/><br \/><\/td>\r\n<\/tr>\r\n<tr style=\"height: 24px;\">\r\n<td style=\"border-style: none; width: 14.12%; height: 24px; text-align: left; background-color: #e0dada;\"><strong>Programm 3<\/strong><br \/><strong>Klassik<\/strong><\/td>\r\n<td style=\"border-style: none; width: 31.59%; height: 24px; text-align: left; background-color: #e0dada;\">HD Rad- &amp; Seitenw\u00e4sche<br \/>Trocknen<\/td>\r\n<td style=\"border-style: none; width: 7.39%; height: 24px; text-align: left; vertical-align: top; background-color: #e0dada;\"><strong>7,90 \u20ac<\/strong><\/td>\r\n<\/tr>\r\n<tr style=\"height: 35px;\">\r\n<td style=\"border-style: none; width: 14.12%; height: 35px; text-align: left;\"><strong>Programm 4<\/strong><br \/><strong>Pick-up<br \/><br \/><\/strong><\/td>\r\n<td style=\"border-style: none; width: 31.59%; height: 35px; text-align: left;\">HD Rad- &amp; Seitenw\u00e4sche<br \/>Schaumw\u00e4sche<br \/>Trocknen<\/td>\r\n<td style=\"border-style: none; width: 7.39%; height: 35px; text-align: left;\"><strong>8,90 \u20ac<\/strong><br \/><br \/><br \/><\/td>\r\n<\/tr>\r\n<tr style=\"height: 10px;\">\r\n<td style=\"border-style: none; width: 14.12%; height: 24px; text-align: left; vertical-align: top; background-color: #e0dada;\"><strong>Programm 5<\/strong><br \/><strong>Waschen<\/strong><\/td>\r\n<td style=\"border-style: none; width: 31.59%; height: 24px; text-align: left; vertical-align: top; background-color: #e0dada;\">HD Rad- &amp; Seitenw\u00e4sche<br \/>Waschen<\/td>\r\n<td style=\"border-style: none; width: 7.39%; height: 24px; text-align: left; background-color: #e0dada;\"><strong>5,90 \u20ac<\/strong><br \/><br \/><br \/><\/td>\r\n<\/tr>\r\n<\/tbody>\r\n<\/table>\r\n<p><br \/>Magnet-Wertkarten zum Aufladen mit Ihrem Wunschbetrag sind ebenfalls erh\u00e4ltlich!!!<\/p>\r\n\r\n\r\n\r\n\r\n\r\n\r\n\r\n<figure class=\"wp-block-image size-large\"><img loading=\"lazy\" width=\"1024\" height=\"683\" class=\"wp-image-575\" src=\"https:\/\/auto-brand.de\/wp-content\/uploads\/2020\/01\/IMG_2641-1-1024x683.jpg\" alt=\"\" \/><\/figure>\r\n<div class='avc_visit_counter_front_simple' style=\" width: 300px; border: 2px solid #000000; color:#000000; background-color:#ffffff; border-radius: 0px; float: left\">Visits:  148  <\/div>","protected":false},"excerpt":{"rendered":"<p>Textile Autowaschanlage mit Wertkarte t\u00e4glich 24 Stunden ge\u00f6ffnet Programm 1unsere Beste HD Rad- &amp; Seitenw\u00e4scheSchaumw\u00e4scheHei\u00dfwachsTrocknen 9,90 \u20ac Programm 2Schaumw\u00e4sche HD Rad- &amp; Seitenw\u00e4scheSchaumw\u00e4scheTrocknen 8,90 \u20ac Programm 3Klassik HD Rad- &amp; Seitenw\u00e4scheTrocknen 7,90 \u20ac Programm 4Pick-up HD Rad- &amp; Seitenw\u00e4scheSchaumw\u00e4scheTrocknen 8,90 \u20ac Programm 5Waschen HD Rad- &amp; Seitenw\u00e4scheWaschen 5,90 \u20ac Magnet-Wertkarten zum Aufladen mit Ihrem Wunschbetrag<\/p>\n","protected":false},"author":1,"featured_media":0,"parent":0,"menu_order":0,"comment_status":"closed","ping_status":"closed","template":"page-fullwidth.php","meta":[],"_links":{"self":[{"href":"https:\/\/auto-brand.de\/index.php?rest_route=\/wp\/v2\/pages\/483"}],"collection":[{"href":"https:\/\/auto-brand.de\/index.php?rest_route=\/wp\/v2\/pages"}],"about":[{"href":"https:\/\/auto-brand.de\/index.php?rest_route=\/wp\/v2\/types\/page"}],"author":[{"embeddable":true,"href":"https:\/\/auto-brand.de\/index.php?rest_route=\/wp\/v2\/users\/1"}],"replies":[{"embeddable":true,"href":"https:\/\/auto-brand.de\/index.php?rest_route=%2Fwp%2Fv2%2Fcomments&post=483"}],"version-history":[{"count":15,"href":"https:\/\/auto-brand.de\/index.php?rest_route=\/wp\/v2\/pages\/483\/revisions"}],"predecessor-version":[{"id":688,"href":"https:\/\/auto-brand.de\/index.php?rest_route=\/wp\/v2\/pages\/483\/revisions\/688"}],"wp:attachment":[{"href":"https:\/\/auto-brand.de\/index.php?rest_route=%2Fwp%2Fv2%2Fmedia&parent=483"}],"curies":[{"name":"wp","href":"https:\/\/api.w.org\/{rel}","templated":true}]}}