{"id":514,"date":"2020-01-28T13:04:21","date_gmt":"2020-01-28T13:04:21","guid":{"rendered":"http:\/\/auto-brand.de\/?page_id=514"},"modified":"2020-02-03T21:23:40","modified_gmt":"2020-02-03T21:23:40","slug":"service","status":"publish","type":"page","link":"https:\/\/auto-brand.de\/?page_id=514","title":{"rendered":"KFZ-Leistungen"},"content":{"rendered":"\r\n<p class=\"has-normal-font-size\"><strong>Reparatur aller Fabrikate<\/strong><\/p>\r\n\r\n\r\n\r\n<ul>\r\n<li>Direktannahme<\/li>\r\n<li>Unfallinstandsetzung<\/li>\r\n<li>24 Stunden Abschleppservice<\/li>\r\n<li>Fachkunde f\u00fcr E-Fahrzeuge<\/li>\r\n<\/ul>\r\n\r\n\r\n\r\n<p><strong>Wartung<\/strong><\/p>\r\n\r\n\r\n\r\n<ul>\r\n<li>Hauptuntersuchung gem. \u00a7 29 StVZO<br \/>(durchgef\u00fchrt durch externe Pr\u00fcfingenieure der <br \/>amtlich anerkannten \u00dcberwachungsorganisationen DEKRA, GT\u00dc)<\/li>\r\n<li>Abgasuntersuchung<\/li>\r\n<li>Bremsenpr\u00fcfstand<\/li>\r\n<li>Wartung gem\u00e4\u00df Herstellervorgabe<\/li>\r\n<li>Fahrzeugdiagnose<\/li>\r\n<li>Glasservice<\/li>\r\n<li>Fahrerassistentsysteme kalibrieren<\/li>\r\n<li>Fahrzeugvermessung mit elektronischem <br \/>3D-John-Bean-Achsmess-Stand<\/li>\r\n<li>Klimaservice<\/li>\r\n<li>Reifenservice und -Einlagerung<br \/>inkl. R\u00e4derw\u00e4sche<\/li>\r\n<li>Reifen- und Runflatmontage bis 30 Zoll<\/li>\r\n<li>Ersatzwagen \/ Abhol- und Bringservice<\/li>\r\n<\/ul>\r\n\r\n\r\n\r\n<p><strong>Spezial<\/strong><\/p>\r\n\r\n\r\n\r\n<ul>\r\n<li>Automatikgetriebe\u00f6l-Systemsp\u00fclung<\/li>\r\n<li>Professionelle Dieselpartikelfilterreinigung<\/li>\r\n<li>Textile Autowaschanlage<\/li>\r\n<\/ul>\r\n\r\n\r\n\r\n<figure class=\"wp-block-image size-large\"><img loading=\"lazy\" width=\"1024\" height=\"683\" class=\"wp-image-539\" src=\"https:\/\/auto-brand.de\/wp-content\/uploads\/2020\/01\/IMG_2696-1024x683.jpg\" alt=\"\" srcset=\"https:\/\/auto-brand.de\/wp-content\/uploads\/2020\/01\/IMG_2696-1024x683.jpg 1024w, https:\/\/auto-brand.de\/wp-content\/uploads\/2020\/01\/IMG_2696-300x200.jpg 300w, https:\/\/auto-brand.de\/wp-content\/uploads\/2020\/01\/IMG_2696-768x512.jpg 768w, https:\/\/auto-brand.de\/wp-content\/uploads\/2020\/01\/IMG_2696-1536x1024.jpg 1536w, https:\/\/auto-brand.de\/wp-content\/uploads\/2020\/01\/IMG_2696-2048x1365.jpg 2048w\" sizes=\"(max-width: 1024px) 100vw, 1024px\" \/><\/figure>\r\n\r\n\r\n\r\n<figure class=\"wp-block-image size-large\"><img loading=\"lazy\" width=\"1024\" height=\"683\" class=\"wp-image-540\" src=\"https:\/\/auto-brand.de\/wp-content\/uploads\/2020\/01\/IMG_2766-1-1024x683.jpg\" alt=\"\" srcset=\"https:\/\/auto-brand.de\/wp-content\/uploads\/2020\/01\/IMG_2766-1-1024x683.jpg 1024w, https:\/\/auto-brand.de\/wp-content\/uploads\/2020\/01\/IMG_2766-1-300x200.jpg 300w, https:\/\/auto-brand.de\/wp-content\/uploads\/2020\/01\/IMG_2766-1-768x512.jpg 768w, https:\/\/auto-brand.de\/wp-content\/uploads\/2020\/01\/IMG_2766-1-1536x1024.jpg 1536w, https:\/\/auto-brand.de\/wp-content\/uploads\/2020\/01\/IMG_2766-1-2048x1365.jpg 2048w\" sizes=\"(max-width: 1024px) 100vw, 1024px\" \/><\/figure>\r\n\r\n\r\n\r\n<figure class=\"wp-block-image size-large\"><img loading=\"lazy\" width=\"1024\" height=\"683\" class=\"wp-image-541\" src=\"https:\/\/auto-brand.de\/wp-content\/uploads\/2020\/01\/IMG_2899-1-1024x683.jpg\" alt=\"\" \/><\/figure>\r\n\r\n\r\n\r\n<figure class=\"wp-block-image size-large\"><img loading=\"lazy\" width=\"1024\" height=\"683\" class=\"wp-image-542\" src=\"https:\/\/auto-brand.de\/wp-content\/uploads\/2020\/01\/IMG_2972-1024x683.jpg\" alt=\"\" \/><\/figure>\r\n\r\n\r\n\r\n<figure class=\"wp-block-image size-large\"><img loading=\"lazy\" width=\"1024\" height=\"683\" class=\"wp-image-543\" src=\"https:\/\/auto-brand.de\/wp-content\/uploads\/2020\/01\/IMG_2641-1024x683.jpg\" alt=\"\" srcset=\"https:\/\/auto-brand.de\/wp-content\/uploads\/2020\/01\/IMG_2641-1024x683.jpg 1024w, https:\/\/auto-brand.de\/wp-content\/uploads\/2020\/01\/IMG_2641-300x200.jpg 300w, https:\/\/auto-brand.de\/wp-content\/uploads\/2020\/01\/IMG_2641-768x512.jpg 768w, https:\/\/auto-brand.de\/wp-content\/uploads\/2020\/01\/IMG_2641-1536x1024.jpg 1536w, https:\/\/auto-brand.de\/wp-content\/uploads\/2020\/01\/IMG_2641-2048x1365.jpg 2048w\" sizes=\"(max-width: 1024px) 100vw, 1024px\" \/><\/figure>\r\n<div class='avc_visit_counter_front_simple' style=\" width: 300px; border: 2px solid #000000; color:#000000; background-color:#ffffff; border-radius: 0px; float: left\">Visits:  231  <\/div>","protected":false},"excerpt":{"rendered":"<p>Reparatur aller Fabrikate Direktannahme Unfallinstandsetzung 24 Stunden Abschleppservice Fachkunde f\u00fcr E-Fahrzeuge Wartung Hauptuntersuchung gem. \u00a7 29 StVZO(durchgef\u00fchrt durch externe Pr\u00fcfingenieure der amtlich anerkannten \u00dcberwachungsorganisationen DEKRA, GT\u00dc) Abgasuntersuchung Bremsenpr\u00fcfstand Wartung gem\u00e4\u00df Herstellervorgabe Fahrzeugdiagnose Glasservice Fahrerassistentsysteme kalibrieren Fahrzeugvermessung mit elektronischem 3D-John-Bean-Achsmess-Stand Klimaservice Reifenservice und -Einlagerunginkl. R\u00e4derw\u00e4sche Reifen- und Runflatmontage bis 30 Zoll Ersatzwagen \/ Abhol- und Bringservice<\/p>\n","protected":false},"author":1,"featured_media":0,"parent":0,"menu_order":0,"comment_status":"closed","ping_status":"closed","template":"page-fullwidth.php","meta":[],"_links":{"self":[{"href":"https:\/\/auto-brand.de\/index.php?rest_route=\/wp\/v2\/pages\/514"}],"collection":[{"href":"https:\/\/auto-brand.de\/index.php?rest_route=\/wp\/v2\/pages"}],"about":[{"href":"https:\/\/auto-brand.de\/index.php?rest_route=\/wp\/v2\/types\/page"}],"author":[{"embeddable":true,"href":"https:\/\/auto-brand.de\/index.php?rest_route=\/wp\/v2\/users\/1"}],"replies":[{"embeddable":true,"href":"https:\/\/auto-brand.de\/index.php?rest_route=%2Fwp%2Fv2%2Fcomments&post=514"}],"version-history":[{"count":18,"href":"https:\/\/auto-brand.de\/index.php?rest_route=\/wp\/v2\/pages\/514\/revisions"}],"predecessor-version":[{"id":633,"href":"https:\/\/auto-brand.de\/index.php?rest_route=\/wp\/v2\/pages\/514\/revisions\/633"}],"wp:attachment":[{"href":"https:\/\/auto-brand.de\/index.php?rest_route=%2Fwp%2Fv2%2Fmedia&parent=514"}],"curies":[{"name":"wp","href":"https:\/\/api.w.org\/{rel}","templated":true}]}}